{"id":87552,"date":"2023-09-25T13:08:14","date_gmt":"2023-04-22T12:16:14","guid":{"rendered":"https:\/\/www.redstarshop.rs\/?post_type=product&#038;p=87552"},"modified":"2025-09-25T15:11:44","modified_gmt":"2025-09-25T13:11:44","slug":"vest","status":"publish","type":"product","link":"https:\/\/www.redstarshop.rs\/en\/\u043f\u0440\u043e\u0438\u0437\u0432\u043e\u0434\/vest\/","title":{"rendered":"Vest Ki\u011f\u0131l\u0131"},"content":{"rendered":"<p id=\"tw-target-text\" class=\"tw-data-text tw-text-large tw-ta\" dir=\"ltr\" data-placeholder=\"Translation\"><span class=\"Y2IQFc\" lang=\"en\">Red Star&amp;Ki\u011f\u0131l\u0131\u00a0 vest 2023.<\/span><\/p>\n<p class=\"tw-data-text tw-text-large tw-ta\" dir=\"ltr\" data-placeholder=\"Translation\"><span class=\"Y2IQFc\" lang=\"en\">Composition: polyester<\/span><\/p>\n","protected":false},"excerpt":{"rendered":"<p><span class=\"Y2IQFc\" lang=\"en\">Red Star &amp;Ki\u011f\u0131l\u0131 vest 2023.<\/span><\/p>\n","protected":false},"featured_media":88016,"comment_status":"open","ping_status":"closed","template":"","meta":[],"product_brand":[],"product_cat":[3775,4558],"product_tag":[],"class_list":{"0":"post-87552","1":"product","2":"type-product","3":"status-publish","4":"has-post-thumbnail","6":"product_cat-clothes","7":"product_cat-men","9":"first","10":"instock","11":"shipping-taxable","12":"purchasable","13":"product-type-variable"},"_links":{"self":[{"href":"https:\/\/www.redstarshop.rs\/en\/wp-json\/wp\/v2\/product\/87552","targetHints":{"allow":["GET"]}}],"collection":[{"href":"https:\/\/www.redstarshop.rs\/en\/wp-json\/wp\/v2\/product"}],"about":[{"href":"https:\/\/www.redstarshop.rs\/en\/wp-json\/wp\/v2\/types\/product"}],"replies":[{"embeddable":true,"href":"https:\/\/www.redstarshop.rs\/en\/wp-json\/wp\/v2\/comments?post=87552"}],"wp:featuredmedia":[{"embeddable":true,"href":"https:\/\/www.redstarshop.rs\/en\/wp-json\/wp\/v2\/media\/88016"}],"wp:attachment":[{"href":"https:\/\/www.redstarshop.rs\/en\/wp-json\/wp\/v2\/media?parent=87552"}],"wp:term":[{"taxonomy":"product_brand","embeddable":true,"href":"https:\/\/www.redstarshop.rs\/en\/wp-json\/wp\/v2\/product_brand?post=87552"},{"taxonomy":"product_cat","embeddable":true,"href":"https:\/\/www.redstarshop.rs\/en\/wp-json\/wp\/v2\/product_cat?post=87552"},{"taxonomy":"product_tag","embeddable":true,"href":"https:\/\/www.redstarshop.rs\/en\/wp-json\/wp\/v2\/product_tag?post=87552"}],"curies":[{"name":"wp","href":"https:\/\/api.w.org\/{rel}","templated":true}]}}